{"id":190,"date":"2024-03-01T14:58:51","date_gmt":"2024-03-01T13:58:51","guid":{"rendered":"https:\/\/laptimer.light-and-time.de\/?page_id=190"},"modified":"2025-04-05T14:44:14","modified_gmt":"2025-04-05T12:44:14","slug":"wiki-und-anleitungen","status":"publish","type":"page","link":"https:\/\/laptimer.light-and-time.de\/?page_id=190","title":{"rendered":"Anleitungen und Hilfe"},"content":{"rendered":"\n<p>Die nachfolgenden Abschnitte zeigen die, wie der LapTimer funktioniert und wie du die Funktionen umstellen oder erweitern kannst. Dieser Bereich wird nach und nach erweitert, weshalb nicht direkt alle Inhalte verf\u00fcgbar sind.<\/p>\n\n\n\n<p>Klicke auf die \u00dcberschrift, um die zugeh\u00f6rige Kapitelauswahl zu erhalten.<\/p>\n\n\n\n<details class=\"wp-block-details is-layout-flow wp-block-details-is-layout-flow\"><summary>Software herunterladen und Messhardware einrichten<\/summary><ul class=\"wp-block-latest-posts__list wp-block-latest-posts\"><li><a class=\"wp-block-latest-posts__post-title\" href=\"https:\/\/laptimer.light-and-time.de\/?p=193\">Download und Installation<\/a><\/li>\n<li><a class=\"wp-block-latest-posts__post-title\" href=\"https:\/\/laptimer.light-and-time.de\/?p=199\">erster Programmstart &#8211; Schritt 1 &#8211; Messhardware und Simulationsmodus<\/a><\/li>\n<li><a class=\"wp-block-latest-posts__post-title\" href=\"https:\/\/laptimer.light-and-time.de\/?p=248\">erster Programmstart &#8211; analoge Rennbahn &#8211; Schritt 2 &#8211; COM-Port ermitteln<\/a><\/li>\n<li><a class=\"wp-block-latest-posts__post-title\" href=\"https:\/\/laptimer.light-and-time.de\/?p=273\">erster Programmstart &#8211; analoge Rennbahn &#8211; Schritt 3 &#8211; Sensoren ausw\u00e4hlen<\/a><\/li>\n<li><a class=\"wp-block-latest-posts__post-title\" href=\"https:\/\/laptimer.light-and-time.de\/?p=285\">erster Programmstart &#8211; analoge Rennbahn &#8211; Schritt 4 &#8211; Sensoren zuordnen und testen<\/a><\/li>\n<li><a class=\"wp-block-latest-posts__post-title\" href=\"https:\/\/laptimer.light-and-time.de\/?p=298\">erster Programmstart &#8211; analoge Rennbahn &#8211; Schritt 5 &#8211; Bahnstrom und Chaos<\/a><\/li>\n<li><a class=\"wp-block-latest-posts__post-title\" href=\"https:\/\/laptimer.light-and-time.de\/?p=511\">erster Programmstart &#8211; digitale Rennbahn einrichten<\/a><\/li>\n<li><a class=\"wp-block-latest-posts__post-title\" href=\"https:\/\/laptimer.light-and-time.de\/?p=570\">IR-Sensoren: Sensor erkennt keine Zieldurchfahrt<\/a><\/li>\n<li><a class=\"wp-block-latest-posts__post-title\" href=\"https:\/\/laptimer.light-and-time.de\/?p=588\">Lizenzschl\u00fcssel eintragen\/anzeigen\/l\u00f6schen<\/a><\/li>\n<\/ul><\/details>\n\n\n\n<details class=\"wp-block-details is-layout-flow wp-block-details-is-layout-flow\"><summary>erste Schritte &#8211; Einf\u00fchrung in die Software<\/summary><ul class=\"wp-block-latest-posts__list wp-block-latest-posts\"><li><a class=\"wp-block-latest-posts__post-title\" href=\"https:\/\/laptimer.light-and-time.de\/?p=380\">Bildschirmaufbau &#8211; Hauptfenster<\/a><\/li>\n<li><a class=\"wp-block-latest-posts__post-title\" href=\"https:\/\/laptimer.light-and-time.de\/?p=321\">Strecke einrichten<\/a><\/li>\n<li><a class=\"wp-block-latest-posts__post-title\" href=\"https:\/\/laptimer.light-and-time.de\/?p=353\">Fahrer &#8211; die Grundlagen<\/a><\/li>\n<li><a class=\"wp-block-latest-posts__post-title\" href=\"https:\/\/laptimer.light-and-time.de\/?p=351\">Fahrzeuge &#8211; die Grundlagen<\/a><\/li>\n<li><a class=\"wp-block-latest-posts__post-title\" href=\"https:\/\/laptimer.light-and-time.de\/?p=355\">Rennen &#8211; ein erstes Rennen starten<\/a><\/li>\n<li><a class=\"wp-block-latest-posts__post-title\" href=\"https:\/\/laptimer.light-and-time.de\/?p=361\">Auswertung &#8211; Anzeige von Rennergebnissen<\/a><\/li>\n<li><a class=\"wp-block-latest-posts__post-title\" href=\"https:\/\/laptimer.light-and-time.de\/?p=358\">Einstellungen &#8211; ein \u00dcberblick<\/a><\/li>\n<li><a class=\"wp-block-latest-posts__post-title\" href=\"https:\/\/laptimer.light-and-time.de\/?p=363\">Ende &#8211; Programm beenden &#8211; speichern<\/a><\/li>\n<li><a class=\"wp-block-latest-posts__post-title\" href=\"https:\/\/laptimer.light-and-time.de\/?p=365\">Wo legt der LapTimer die Rennergebnisse ab? &#8211; Expertenhinweise<\/a><\/li>\n<\/ul><\/details>\n\n\n\n<details class=\"wp-block-details is-layout-flow wp-block-details-is-layout-flow\"><summary>weitere Funktionen der Software<br><\/summary><ul class=\"wp-block-latest-posts__list wp-block-latest-posts\"><li><a class=\"wp-block-latest-posts__post-title\" href=\"https:\/\/laptimer.light-and-time.de\/?p=541\">Start an Ampel (Verhalten beim n\u00e4chsten Lauf eines Rennens)<\/a><\/li>\n<li><a class=\"wp-block-latest-posts__post-title\" href=\"https:\/\/laptimer.light-and-time.de\/?p=548\">Tank f\u00fcr jeden Lauf f\u00fcllen (Verhalten bei n\u00e4chstem Lauf des Rennens)<\/a><\/li>\n<li><a class=\"wp-block-latest-posts__post-title\" href=\"https:\/\/laptimer.light-and-time.de\/?p=552\">Rundenz\u00e4hlung neu beginnen (Verhalten bei n\u00e4chsten Lauf des Rennens)<\/a><\/li>\n<li><a class=\"wp-block-latest-posts__post-title\" href=\"https:\/\/laptimer.light-and-time.de\/?p=559\">Einfahren vor dem Rennen<\/a><\/li>\n<\/ul>\n\n\n<p><\/p>\n<\/details>\n\n\n\n<details class=\"wp-block-details is-layout-flow wp-block-details-is-layout-flow\"><summary>weiterf\u00fchrende Hilfen und Kurzanleitungen<br><\/summary><ul class=\"wp-block-latest-posts__list wp-block-latest-posts\"><li><a class=\"wp-block-latest-posts__post-title\" href=\"https:\/\/laptimer.light-and-time.de\/?p=478\">Sensoranordnung f\u00fcr einfachen Rundenz\u00e4hler<\/a><\/li>\n<li><a class=\"wp-block-latest-posts__post-title\" href=\"https:\/\/laptimer.light-and-time.de\/?p=488\">Sensoranordnung f\u00fcr Rundenz\u00e4hlung und Tanken auf der Strecke<\/a><\/li>\n<li><a class=\"wp-block-latest-posts__post-title\" href=\"https:\/\/laptimer.light-and-time.de\/?p=507\">Sensoranordnung f\u00fcr Rundenz\u00e4hlung und Tanken in der Boxengasse<\/a><\/li>\n<li><a class=\"wp-block-latest-posts__post-title\" href=\"https:\/\/laptimer.light-and-time.de\/?p=570\">IR-Sensoren: Sensor erkennt keine Zieldurchfahrt<\/a><\/li>\n<li><a class=\"wp-block-latest-posts__post-title\" href=\"https:\/\/laptimer.light-and-time.de\/?p=588\">Lizenzschl\u00fcssel eintragen\/anzeigen\/l\u00f6schen<\/a><\/li>\n<\/ul>\n\n\n<p><\/p>\n<\/details>\n\n\n\n<p><\/p>\n\n\n\n<p><\/p>\n\n\n\n<p><\/p>\n","protected":false},"excerpt":{"rendered":"<p>Die nachfolgenden Abschnitte zeigen die, wie der LapTimer funktioniert und wie du die Funktionen umstellen oder erweitern kannst. Dieser Bereich wird nach und nach erweitert, weshalb nicht direkt alle Inhalte verf\u00fcgbar sind. Klicke auf die \u00dcberschrift, um die zugeh\u00f6rige Kapitelauswahl zu erhalten.<\/p>\n","protected":false},"author":2,"featured_media":0,"parent":0,"menu_order":0,"comment_status":"closed","ping_status":"closed","template":"","meta":{"footnotes":""},"class_list":["post-190","page","type-page","status-publish","hentry","post"],"_links":{"self":[{"href":"https:\/\/laptimer.light-and-time.de\/index.php?rest_route=\/wp\/v2\/pages\/190","targetHints":{"allow":["GET"]}}],"collection":[{"href":"https:\/\/laptimer.light-and-time.de\/index.php?rest_route=\/wp\/v2\/pages"}],"about":[{"href":"https:\/\/laptimer.light-and-time.de\/index.php?rest_route=\/wp\/v2\/types\/page"}],"author":[{"embeddable":true,"href":"https:\/\/laptimer.light-and-time.de\/index.php?rest_route=\/wp\/v2\/users\/2"}],"replies":[{"embeddable":true,"href":"https:\/\/laptimer.light-and-time.de\/index.php?rest_route=%2Fwp%2Fv2%2Fcomments&post=190"}],"version-history":[{"count":10,"href":"https:\/\/laptimer.light-and-time.de\/index.php?rest_route=\/wp\/v2\/pages\/190\/revisions"}],"predecessor-version":[{"id":558,"href":"https:\/\/laptimer.light-and-time.de\/index.php?rest_route=\/wp\/v2\/pages\/190\/revisions\/558"}],"wp:attachment":[{"href":"https:\/\/laptimer.light-and-time.de\/index.php?rest_route=%2Fwp%2Fv2%2Fmedia&parent=190"}],"curies":[{"name":"wp","href":"https:\/\/api.w.org\/{rel}","templated":true}]}}