{"id":196,"date":"2024-03-01T15:06:51","date_gmt":"2024-03-01T14:06:51","guid":{"rendered":"https:\/\/laptimer.light-and-time.de\/?page_id=196"},"modified":"2024-12-20T17:34:49","modified_gmt":"2024-12-20T16:34:49","slug":"systemvoraussetzungen","status":"publish","type":"page","link":"https:\/\/laptimer.light-and-time.de\/?page_id=196","title":{"rendered":"Systemvoraussetzungen"},"content":{"rendered":"\n<p>Der L&amp;T LapTimer ist mit folgenden Betriebssystemen lauff\u00e4hig:<\/p>\n\n\n\n<p>F\u00fcr analoge Rennbahnen mit der L&amp;T AT-2560 USB-Box (und Varianten, bspw. AT-uno), und f\u00fcr digitale Bahnen mit Carrera D132\/D124 und Carrera ControlUnit.<\/p>\n\n\n\n<p><\/p>\n\n\n\n<figure class=\"wp-block-table\"><table><tbody><tr><td>Betriebssystem<\/td><td>Bemerkung<\/td><\/tr><tr><td>Windows 11<\/td><td>ja (getestet)<\/td><\/tr><tr><td>Windows 10<\/td><td>ja (getestet)<\/td><\/tr><tr><td>Windows 8.1<\/td><td>ja (nicht getestet)<\/td><\/tr><tr><td>Windows 8<\/td><td>ja (nicht getestet)<\/td><\/tr><tr><td>Windows 7<\/td><td>ja (getestet)<\/td><\/tr><tr><td>Windows Vista<\/td><td>nein (nicht getestet)<\/td><\/tr><tr><td>Windows XP<\/td><td>nein (getestet)<\/td><\/tr><\/tbody><\/table><\/figure>\n\n\n\n<p>Die Bildschirmausgabe ist optimiert f\u00fcr Monitore im 16:9\/16:10 Breitformat. Ausgabe auf 4:3 Monitoren ist grds. m\u00f6glich, jedoch nicht optimal.<\/p>\n\n\n\n<p>Wenn du ein nicht unterst\u00fctztes Betriebssystem nutze bitte die Software <a href=\"https:\/\/www.light-and-time.de\/download\/\" data-type=\"URL\" data-id=\"https:\/\/www.light-and-time.de\/download\/\" target=\"_blank\" rel=\"noreferrer noopener\">Joe&#8217;s Light &amp; Time Version 2.23.<\/a><\/p>\n","protected":false},"excerpt":{"rendered":"<p>Der L&amp;T LapTimer ist mit folgenden Betriebssystemen lauff\u00e4hig: F\u00fcr analoge Rennbahnen mit der L&amp;T AT-2560 USB-Box (und Varianten, bspw. AT-uno), und f\u00fcr digitale Bahnen mit Carrera D132\/D124 und Carrera ControlUnit. Betriebssystem Bemerkung Windows 11 ja (getestet) Windows 10 ja (getestet) Windows 8.1 ja (nicht getestet) Windows 8 ja (nicht getestet) Windows 7 ja (getestet) Windows [&hellip;]<\/p>\n","protected":false},"author":2,"featured_media":0,"parent":0,"menu_order":0,"comment_status":"closed","ping_status":"closed","template":"","meta":{"footnotes":""},"class_list":["post-196","page","type-page","status-publish","hentry","post"],"_links":{"self":[{"href":"https:\/\/laptimer.light-and-time.de\/index.php?rest_route=\/wp\/v2\/pages\/196","targetHints":{"allow":["GET"]}}],"collection":[{"href":"https:\/\/laptimer.light-and-time.de\/index.php?rest_route=\/wp\/v2\/pages"}],"about":[{"href":"https:\/\/laptimer.light-and-time.de\/index.php?rest_route=\/wp\/v2\/types\/page"}],"author":[{"embeddable":true,"href":"https:\/\/laptimer.light-and-time.de\/index.php?rest_route=\/wp\/v2\/users\/2"}],"replies":[{"embeddable":true,"href":"https:\/\/laptimer.light-and-time.de\/index.php?rest_route=%2Fwp%2Fv2%2Fcomments&post=196"}],"version-history":[{"count":4,"href":"https:\/\/laptimer.light-and-time.de\/index.php?rest_route=\/wp\/v2\/pages\/196\/revisions"}],"predecessor-version":[{"id":432,"href":"https:\/\/laptimer.light-and-time.de\/index.php?rest_route=\/wp\/v2\/pages\/196\/revisions\/432"}],"wp:attachment":[{"href":"https:\/\/laptimer.light-and-time.de\/index.php?rest_route=%2Fwp%2Fv2%2Fmedia&parent=196"}],"curies":[{"name":"wp","href":"https:\/\/api.w.org\/{rel}","templated":true}]}}