{"id":2,"date":"2023-04-15T16:31:12","date_gmt":"2023-04-15T14:31:12","guid":{"rendered":"http:\/\/laptimer.light-and-time.de\/?page_id=2"},"modified":"2026-03-28T15:53:37","modified_gmt":"2026-03-28T14:53:37","slug":"sample-page","status":"publish","type":"page","link":"https:\/\/laptimer.light-and-time.de\/","title":{"rendered":"Light &amp; Time LapTimer"},"content":{"rendered":"\n<h4 class=\"wp-block-heading\"><strong><em>der LapTimer &#8211; die neue, innovative Zeitmessung von Light &amp; Time f\u00fcr Autorennbahnen<\/em><\/strong><\/h4>\n\n\n<p><img loading=\"lazy\" decoding=\"async\" class=\"alignright size-full wp-image-6\" src=\"https:\/\/laptimer.light-and-time.de\/wp-content\/uploads\/2023\/04\/laptimer.gif\" alt=\"\" width=\"381\" height=\"277\" \/><\/p>\n\n\n<h4 class=\"wp-block-heading\">Version 2603-01 vom 28.03.2026<\/h4>\n\n\n\n<p>Software f\u00fcr Automodellrennbahnen\/ Slotcar-Bahnen\/ Carrera-Rennbahnen:<\/p>\n\n\n\n<p>Der Light &amp; Time <strong>LapTimer<\/strong> ist eine kostenlose Rennbahnsoftware zur Verwaltung und Durchf\u00fchrung von Rennen und Wettk\u00e4mpfen mit Zeitmessung und Rundenz\u00e4hlung.<\/p>\n\n\n\n<p>Diese Software ist der Nachfolger von Joe&#8217;s Light &amp; Time &#8211; in neuem Look mit vielen verbesserten Funktionen.<\/p>\n\n\n\n<div style=\"height:20px\" aria-hidden=\"true\" class=\"wp-block-spacer\"><\/div>\n\n\n\n<p><em><strong>HINWEIS: Der LapTimer kann parallel zu einer bisherigen Software Joe&#8217;s Light &amp; Time betrieben werden.<\/strong><\/em> So kannst du das neue Programm ohne Probleme testen, Einstellungen und Ergebnisse der bisherigen Software werden nicht ver\u00e4ndert.<\/p>\n\n\n\n<p>Im Simulationsmodus kann jeder die Software testen &#8211; auch ohne Messhardware. \u00dcber die Tasten 1-6 wird eine Sensordurchfahrt simuliert.<\/p>\n\n\n\n<figure class=\"wp-block-gallery has-nested-images columns-default wp-block-gallery-1 is-layout-flex wp-block-gallery-is-layout-flex\">\n<figure data-wp-context=\"{&quot;imageId&quot;:&quot;69fb20073dbcb&quot;}\" data-wp-interactive=\"core\/image\" data-wp-key=\"69fb20073dbcb\" class=\"wp-block-image size-large wp-lightbox-container\"><img loading=\"lazy\" decoding=\"async\" width=\"1024\" height=\"661\" data-wp-class--hide=\"state.isContentHidden\" data-wp-class--show=\"state.isContentVisible\" data-wp-init=\"callbacks.setButtonStyles\" data-wp-on--click=\"actions.showLightbox\" data-wp-on--load=\"callbacks.setButtonStyles\" data-wp-on-window--resize=\"callbacks.setButtonStyles\" data-id=\"102\" src=\"https:\/\/laptimer.light-and-time.de\/wp-content\/uploads\/2023\/04\/Rennen-1024x661.jpg\" alt=\"\" class=\"wp-image-102\" srcset=\"https:\/\/laptimer.light-and-time.de\/wp-content\/uploads\/2023\/04\/Rennen-1024x661.jpg 1024w, https:\/\/laptimer.light-and-time.de\/wp-content\/uploads\/2023\/04\/Rennen-300x194.jpg 300w, https:\/\/laptimer.light-and-time.de\/wp-content\/uploads\/2023\/04\/Rennen-768x496.jpg 768w, https:\/\/laptimer.light-and-time.de\/wp-content\/uploads\/2023\/04\/Rennen.jpg 1375w\" sizes=\"auto, (max-width: 1024px) 100vw, 1024px\" \/><button\n\t\t\tclass=\"lightbox-trigger\"\n\t\t\ttype=\"button\"\n\t\t\taria-haspopup=\"dialog\"\n\t\t\taria-label=\"Vergr\u00f6\u00dfern\"\n\t\t\tdata-wp-init=\"callbacks.initTriggerButton\"\n\t\t\tdata-wp-on--click=\"actions.showLightbox\"\n\t\t\tdata-wp-style--right=\"state.imageButtonRight\"\n\t\t\tdata-wp-style--top=\"state.imageButtonTop\"\n\t\t>\n\t\t\t<svg xmlns=\"http:\/\/www.w3.org\/2000\/svg\" width=\"12\" height=\"12\" fill=\"none\" viewBox=\"0 0 12 12\">\n\t\t\t\t<path fill=\"#fff\" d=\"M2 0a2 2 0 0 0-2 2v2h1.5V2a.5.5 0 0 1 .5-.5h2V0H2Zm2 10.5H2a.5.5 0 0 1-.5-.5V8H0v2a2 2 0 0 0 2 2h2v-1.5ZM8 12v-1.5h2a.5.5 0 0 0 .5-.5V8H12v2a2 2 0 0 1-2 2H8Zm2-12a2 2 0 0 1 2 2v2h-1.5V2a.5.5 0 0 0-.5-.5H8V0h2Z\" \/>\n\t\t\t<\/svg>\n\t\t<\/button><\/figure>\n\n\n\n<figure data-wp-context=\"{&quot;imageId&quot;:&quot;69fb20073df33&quot;}\" data-wp-interactive=\"core\/image\" data-wp-key=\"69fb20073df33\" class=\"wp-block-image size-large wp-lightbox-container\"><img loading=\"lazy\" decoding=\"async\" width=\"1024\" height=\"576\" data-wp-class--hide=\"state.isContentHidden\" data-wp-class--show=\"state.isContentVisible\" data-wp-init=\"callbacks.setButtonStyles\" data-wp-on--click=\"actions.showLightbox\" data-wp-on--load=\"callbacks.setButtonStyles\" data-wp-on-window--resize=\"callbacks.setButtonStyles\" data-id=\"103\" src=\"https:\/\/laptimer.light-and-time.de\/wp-content\/uploads\/2023\/04\/Rundenrennen-1024x576.jpg\" alt=\"\" class=\"wp-image-103\" srcset=\"https:\/\/laptimer.light-and-time.de\/wp-content\/uploads\/2023\/04\/Rundenrennen-1024x576.jpg 1024w, https:\/\/laptimer.light-and-time.de\/wp-content\/uploads\/2023\/04\/Rundenrennen-300x169.jpg 300w, https:\/\/laptimer.light-and-time.de\/wp-content\/uploads\/2023\/04\/Rundenrennen-768x432.jpg 768w, https:\/\/laptimer.light-and-time.de\/wp-content\/uploads\/2023\/04\/Rundenrennen-1536x864.jpg 1536w, https:\/\/laptimer.light-and-time.de\/wp-content\/uploads\/2023\/04\/Rundenrennen.jpg 1920w\" sizes=\"auto, (max-width: 1024px) 100vw, 1024px\" \/><button\n\t\t\tclass=\"lightbox-trigger\"\n\t\t\ttype=\"button\"\n\t\t\taria-haspopup=\"dialog\"\n\t\t\taria-label=\"Vergr\u00f6\u00dfern\"\n\t\t\tdata-wp-init=\"callbacks.initTriggerButton\"\n\t\t\tdata-wp-on--click=\"actions.showLightbox\"\n\t\t\tdata-wp-style--right=\"state.imageButtonRight\"\n\t\t\tdata-wp-style--top=\"state.imageButtonTop\"\n\t\t>\n\t\t\t<svg xmlns=\"http:\/\/www.w3.org\/2000\/svg\" width=\"12\" height=\"12\" fill=\"none\" viewBox=\"0 0 12 12\">\n\t\t\t\t<path fill=\"#fff\" d=\"M2 0a2 2 0 0 0-2 2v2h1.5V2a.5.5 0 0 1 .5-.5h2V0H2Zm2 10.5H2a.5.5 0 0 1-.5-.5V8H0v2a2 2 0 0 0 2 2h2v-1.5ZM8 12v-1.5h2a.5.5 0 0 0 .5-.5V8H12v2a2 2 0 0 1-2 2H8Zm2-12a2 2 0 0 1 2 2v2h-1.5V2a.5.5 0 0 0-.5-.5H8V0h2Z\" \/>\n\t\t\t<\/svg>\n\t\t<\/button><\/figure>\n\n\n\n<figure data-wp-context=\"{&quot;imageId&quot;:&quot;69fb20073e223&quot;}\" data-wp-interactive=\"core\/image\" data-wp-key=\"69fb20073e223\" class=\"wp-block-image size-large wp-lightbox-container\"><img loading=\"lazy\" decoding=\"async\" width=\"1024\" height=\"555\" data-wp-class--hide=\"state.isContentHidden\" data-wp-class--show=\"state.isContentVisible\" data-wp-init=\"callbacks.setButtonStyles\" data-wp-on--click=\"actions.showLightbox\" data-wp-on--load=\"callbacks.setButtonStyles\" data-wp-on-window--resize=\"callbacks.setButtonStyles\" data-id=\"96\" src=\"https:\/\/laptimer.light-and-time.de\/wp-content\/uploads\/2023\/04\/Detailauswertung-1024x555.jpg\" alt=\"\" class=\"wp-image-96\" srcset=\"https:\/\/laptimer.light-and-time.de\/wp-content\/uploads\/2023\/04\/Detailauswertung-1024x555.jpg 1024w, https:\/\/laptimer.light-and-time.de\/wp-content\/uploads\/2023\/04\/Detailauswertung-300x162.jpg 300w, https:\/\/laptimer.light-and-time.de\/wp-content\/uploads\/2023\/04\/Detailauswertung-768x416.jpg 768w, https:\/\/laptimer.light-and-time.de\/wp-content\/uploads\/2023\/04\/Detailauswertung-1536x832.jpg 1536w, https:\/\/laptimer.light-and-time.de\/wp-content\/uploads\/2023\/04\/Detailauswertung.jpg 1922w\" sizes=\"auto, (max-width: 1024px) 100vw, 1024px\" \/><button\n\t\t\tclass=\"lightbox-trigger\"\n\t\t\ttype=\"button\"\n\t\t\taria-haspopup=\"dialog\"\n\t\t\taria-label=\"Vergr\u00f6\u00dfern\"\n\t\t\tdata-wp-init=\"callbacks.initTriggerButton\"\n\t\t\tdata-wp-on--click=\"actions.showLightbox\"\n\t\t\tdata-wp-style--right=\"state.imageButtonRight\"\n\t\t\tdata-wp-style--top=\"state.imageButtonTop\"\n\t\t>\n\t\t\t<svg xmlns=\"http:\/\/www.w3.org\/2000\/svg\" width=\"12\" height=\"12\" fill=\"none\" viewBox=\"0 0 12 12\">\n\t\t\t\t<path fill=\"#fff\" d=\"M2 0a2 2 0 0 0-2 2v2h1.5V2a.5.5 0 0 1 .5-.5h2V0H2Zm2 10.5H2a.5.5 0 0 1-.5-.5V8H0v2a2 2 0 0 0 2 2h2v-1.5ZM8 12v-1.5h2a.5.5 0 0 0 .5-.5V8H12v2a2 2 0 0 1-2 2H8Zm2-12a2 2 0 0 1 2 2v2h-1.5V2a.5.5 0 0 0-.5-.5H8V0h2Z\" \/>\n\t\t\t<\/svg>\n\t\t<\/button><\/figure>\n<\/figure>\n\n\n\n<div style=\"height:20px\" aria-hidden=\"true\" class=\"wp-block-spacer\"><\/div>\n\n\n\n<h2 class=\"wp-block-heading\"><strong>Was ist neu<\/strong><\/h2>\n\n\n\n<p>Es wurden radikal einige Funktionen und seltene Messhardware gestrichen. Die neue Software wird ausschlie\u00dflich f\u00fcr die aktuelle Messhardware <strong>AT-2560 USB<\/strong> (und andere AT-Boxen) f\u00fcr analoge Autorennbahnen und dem <strong>CU-Anschlusskabel<\/strong> entwickelt.<br>Die Unterst\u00fctzung alter Zeitmessungen \u00fcber den Druckeranschluss, die RaceControl, die L&amp;T IOW40 oder andere Messhardware ist weggefallen. F\u00fcr diese ist aber weiterhin die bisherige <strong><a href=\"https:\/\/joes.light-and-time.de\/\" target=\"_blank\" rel=\"noreferrer noopener\">Software Joe&#8217;s Light &amp; Time (Version 2.23)<\/a><\/strong> verf\u00fcgbar).<\/p>\n\n\n\n<h3 class=\"wp-block-heading\">einige Features:<\/h3>\n\n\n\n<ul class=\"wp-block-list\">\n<li>verbesserte Einrichtung, keine manuelle COM-Port-Vergabe erforderlich<\/li>\n\n\n\n<li>vordefinierte Standardeinstellungen f\u00fcr 2, 4 und 6spurige Bahnen<\/li>\n\n\n\n<li>automatisches Speichern \u2013 keine manuelle Speicherung von Einstellungen mehr erforderlich<\/li>\n\n\n\n<li>bessere Bilderverwaltung f\u00fcr Fahrer und Fahrzeuge<\/li>\n\n\n\n<li>neue Optik<\/li>\n\n\n\n<li>neue Benutzerf\u00fchrung<\/li>\n\n\n\n<li>Hinzuf\u00fcgen von Fahrern und Fahrzeugen in die Rennliste per Doppelklick<\/li>\n\n\n\n<li>Sprachausgabe<\/li>\n<\/ul>\n\n\n\n<p>Alle Neuerungen, \u00c4nderungen und Fehlerfixes kannst du den <a href=\"https:\/\/laptimer.light-and-time.de\/download2\/\" data-type=\"link\" data-id=\"https:\/\/laptimer.light-and-time.de\/download2\/\"><strong>Releasenotes auf der Downloadseite<\/strong><\/a> entnehmen.<\/p>\n\n\n\n<p>Immer auf dem Laufenden bleiben und \u2013 <a href=\"https:\/\/www.light-and-time.de\/newsletter\/\" data-type=\"URL\" data-id=\"https:\/\/www.light-and-time.de\/newsletter\/\"><strong>jetzt f\u00fcr den Newsletter an<\/strong><\/a><a href=\"https:\/\/www.light-and-time.de\/newsletter\/\" data-type=\"URL\" data-id=\"https:\/\/www.light-and-time.de\/newsletter\/\" target=\"_blank\" rel=\"noreferrer noopener\"><strong>melde<\/strong><\/a><a href=\"https:\/\/www.light-and-time.de\/newsletter\/\" data-type=\"URL\" data-id=\"https:\/\/www.light-and-time.de\/newsletter\/\"><strong>n<\/strong><\/a> um keine neue Version zu verpassen!<\/p>\n\n\n\n<figure data-wp-context=\"{&quot;imageId&quot;:&quot;69fb20073ebd1&quot;}\" data-wp-interactive=\"core\/image\" data-wp-key=\"69fb20073ebd1\" class=\"wp-block-image size-full wp-lightbox-container\"><img loading=\"lazy\" decoding=\"async\" width=\"1024\" height=\"575\" data-wp-class--hide=\"state.isContentHidden\" data-wp-class--show=\"state.isContentVisible\" data-wp-init=\"callbacks.setButtonStyles\" data-wp-on--click=\"actions.showLightbox\" data-wp-on--load=\"callbacks.setButtonStyles\" data-wp-on-window--resize=\"callbacks.setButtonStyles\" src=\"https:\/\/laptimer.light-and-time.de\/wp-content\/uploads\/2024\/02\/Ampel_1.jpg\" alt=\"\" class=\"wp-image-173\" srcset=\"https:\/\/laptimer.light-and-time.de\/wp-content\/uploads\/2024\/02\/Ampel_1.jpg 1024w, https:\/\/laptimer.light-and-time.de\/wp-content\/uploads\/2024\/02\/Ampel_1-300x168.jpg 300w, https:\/\/laptimer.light-and-time.de\/wp-content\/uploads\/2024\/02\/Ampel_1-768x431.jpg 768w\" sizes=\"auto, (max-width: 1024px) 100vw, 1024px\" \/><button\n\t\t\tclass=\"lightbox-trigger\"\n\t\t\ttype=\"button\"\n\t\t\taria-haspopup=\"dialog\"\n\t\t\taria-label=\"Vergr\u00f6\u00dfern\"\n\t\t\tdata-wp-init=\"callbacks.initTriggerButton\"\n\t\t\tdata-wp-on--click=\"actions.showLightbox\"\n\t\t\tdata-wp-style--right=\"state.imageButtonRight\"\n\t\t\tdata-wp-style--top=\"state.imageButtonTop\"\n\t\t>\n\t\t\t<svg xmlns=\"http:\/\/www.w3.org\/2000\/svg\" width=\"12\" height=\"12\" fill=\"none\" viewBox=\"0 0 12 12\">\n\t\t\t\t<path fill=\"#fff\" d=\"M2 0a2 2 0 0 0-2 2v2h1.5V2a.5.5 0 0 1 .5-.5h2V0H2Zm2 10.5H2a.5.5 0 0 1-.5-.5V8H0v2a2 2 0 0 0 2 2h2v-1.5ZM8 12v-1.5h2a.5.5 0 0 0 .5-.5V8H12v2a2 2 0 0 1-2 2H8Zm2-12a2 2 0 0 1 2 2v2h-1.5V2a.5.5 0 0 0-.5-.5H8V0h2Z\" \/>\n\t\t\t<\/svg>\n\t\t<\/button><\/figure>\n","protected":false},"excerpt":{"rendered":"<p>der LapTimer &#8211; die neue, innovative Zeitmessung von Light &amp; Time f\u00fcr Autorennbahnen Version 2603-01 vom 28.03.2026 Software f\u00fcr Automodellrennbahnen\/ Slotcar-Bahnen\/ Carrera-Rennbahnen: Der Light &amp; Time LapTimer ist eine kostenlose Rennbahnsoftware zur Verwaltung und Durchf\u00fchrung von Rennen und Wettk\u00e4mpfen mit Zeitmessung und Rundenz\u00e4hlung. Diese Software ist der Nachfolger von Joe&#8217;s Light &amp; Time &#8211; in [&hellip;]<\/p>\n","protected":false},"author":1,"featured_media":0,"parent":0,"menu_order":0,"comment_status":"closed","ping_status":"open","template":"","meta":{"footnotes":""},"class_list":["post-2","page","type-page","status-publish","hentry","post"],"_links":{"self":[{"href":"https:\/\/laptimer.light-and-time.de\/index.php?rest_route=\/wp\/v2\/pages\/2","targetHints":{"allow":["GET"]}}],"collection":[{"href":"https:\/\/laptimer.light-and-time.de\/index.php?rest_route=\/wp\/v2\/pages"}],"about":[{"href":"https:\/\/laptimer.light-and-time.de\/index.php?rest_route=\/wp\/v2\/types\/page"}],"author":[{"embeddable":true,"href":"https:\/\/laptimer.light-and-time.de\/index.php?rest_route=\/wp\/v2\/users\/1"}],"replies":[{"embeddable":true,"href":"https:\/\/laptimer.light-and-time.de\/index.php?rest_route=%2Fwp%2Fv2%2Fcomments&post=2"}],"version-history":[{"count":10,"href":"https:\/\/laptimer.light-and-time.de\/index.php?rest_route=\/wp\/v2\/pages\/2\/revisions"}],"predecessor-version":[{"id":599,"href":"https:\/\/laptimer.light-and-time.de\/index.php?rest_route=\/wp\/v2\/pages\/2\/revisions\/599"}],"wp:attachment":[{"href":"https:\/\/laptimer.light-and-time.de\/index.php?rest_route=%2Fwp%2Fv2%2Fmedia&parent=2"}],"curies":[{"name":"wp","href":"https:\/\/api.w.org\/{rel}","templated":true}]}}